{"id":89,"date":"2025-07-05T16:42:36","date_gmt":"2025-07-05T14:42:36","guid":{"rendered":"https:\/\/www.lkren.cz\/wordpress\/?page_id=89"},"modified":"2025-07-05T20:04:41","modified_gmt":"2025-07-05T18:04:41","slug":"kontakt","status":"publish","type":"page","link":"https:\/\/www.lkren.cz\/wordpress\/kontakt\/","title":{"rendered":"Kontakt"},"content":{"rendered":"\n<p>firma: Luk\u00e1\u0161 K\u0159en<\/p>\n\n\n\n<p>I\u010do: 70816883 Di\u010d: CZ7702023417<\/p>\n\n\n\n<p>Adresa: Na skal\u00e1ch 135 \u017damberk 56401<\/p>\n\n\n\n<p>Tel: 776090338<\/p>\n\n\n\n<p>Email: lukkren@gmail.cz<\/p>\n\n\n\n<p><\/p>\n","protected":false},"excerpt":{"rendered":"<p>firma: Luk\u00e1\u0161 K\u0159en I\u010do: 70816883 Di\u010d: CZ7702023417 Adresa: Na skal\u00e1ch 135 \u017damberk 56401 Tel: 776090338 Email: lukkren@gmail.cz<\/p>\n","protected":false},"author":1,"featured_media":0,"parent":0,"menu_order":0,"comment_status":"closed","ping_status":"closed","template":"","meta":{"_monsterinsights_skip_tracking":false,"_monsterinsights_sitenote_active":false,"_monsterinsights_sitenote_note":"","_monsterinsights_sitenote_category":0,"footnotes":""},"class_list":["post-89","page","type-page","status-publish"],"aioseo_notices":[],"_links":{"self":[{"href":"https:\/\/www.lkren.cz\/wordpress\/wp-json\/wp\/v2\/pages\/89","targetHints":{"allow":["GET"]}}],"collection":[{"href":"https:\/\/www.lkren.cz\/wordpress\/wp-json\/wp\/v2\/pages"}],"about":[{"href":"https:\/\/www.lkren.cz\/wordpress\/wp-json\/wp\/v2\/types\/page"}],"author":[{"embeddable":true,"href":"https:\/\/www.lkren.cz\/wordpress\/wp-json\/wp\/v2\/users\/1"}],"replies":[{"embeddable":true,"href":"https:\/\/www.lkren.cz\/wordpress\/wp-json\/wp\/v2\/comments?post=89"}],"version-history":[{"count":2,"href":"https:\/\/www.lkren.cz\/wordpress\/wp-json\/wp\/v2\/pages\/89\/revisions"}],"predecessor-version":[{"id":93,"href":"https:\/\/www.lkren.cz\/wordpress\/wp-json\/wp\/v2\/pages\/89\/revisions\/93"}],"wp:attachment":[{"href":"https:\/\/www.lkren.cz\/wordpress\/wp-json\/wp\/v2\/media?parent=89"}],"curies":[{"name":"wp","href":"https:\/\/api.w.org\/{rel}","templated":true}]}}