{"id":79,"date":"2025-07-05T16:15:51","date_gmt":"2025-07-05T14:15:51","guid":{"rendered":"https:\/\/www.lkren.cz\/wordpress\/?page_id=79"},"modified":"2025-07-05T16:37:01","modified_gmt":"2025-07-05T14:37:01","slug":"revize-info-cinnosti","status":"publish","type":"page","link":"https:\/\/www.lkren.cz\/wordpress\/","title":{"rendered":"Popis \u010dinnost\u00ed a slu\u017eeb"},"content":{"rendered":"\n<p>Luk\u00e1\u0161 k\u0159en &#8211; revizn\u00ed technik elektrick\u00fdch za\u0159\u00edzen\u00ed E2A <\/p>\n\n\n\n<p>Rozsah slu\u017eeb:<\/p>\n\n\n\n<ul class=\"wp-block-list\">\n<li>Revize n\u00e1\u0159ad\u00ed a spot\u0159ebi\u010d\u016f  <\/li>\n\n\n\n<li>Revize domovn\u00edch instalac\u00ed<\/li>\n\n\n\n<li>Revize pr\u016fmyslov\u00fdch objekt\u016f<\/li>\n\n\n\n<li>Revize hromosvod\u016f<\/li>\n\n\n\n<li>Revize sv\u00e1\u0159e\u010dek <\/li>\n\n\n\n<li>Revize strojn\u00edch za\u0159\u00edzen\u00ed<\/li>\n\n\n\n<li>Revize administrativn\u00edch a nebytov\u00fdch prostor<\/li>\n\n\n\n<li>Stanoven\u00ed vn\u011bj\u0161\u00edch vliv\u016f<\/li>\n<\/ul>\n\n\n\n<p>Osv\u011bd\u010den\u00ed a opr\u00e1vn\u011bn\u00ed k \u010dinnosti :<\/p>\n\n\n\n<figure class=\"wp-block-image size-large is-resized\"><img loading=\"lazy\" decoding=\"async\" width=\"768\" height=\"1024\" src=\"https:\/\/www.lkren.cz\/wordpress\/wp-content\/uploads\/2025\/07\/20250705_160657-768x1024.jpg\" alt=\"\" class=\"wp-image-80\" style=\"width:539px;height:auto\" srcset=\"https:\/\/www.lkren.cz\/wordpress\/wp-content\/uploads\/2025\/07\/20250705_160657-768x1024.jpg 768w, https:\/\/www.lkren.cz\/wordpress\/wp-content\/uploads\/2025\/07\/20250705_160657-225x300.jpg 225w, https:\/\/www.lkren.cz\/wordpress\/wp-content\/uploads\/2025\/07\/20250705_160657-1152x1536.jpg 1152w, https:\/\/www.lkren.cz\/wordpress\/wp-content\/uploads\/2025\/07\/20250705_160657-1536x2048.jpg 1536w, https:\/\/www.lkren.cz\/wordpress\/wp-content\/uploads\/2025\/07\/20250705_160657-scaled.jpg 1920w\" sizes=\"auto, (max-width: 768px) 100vw, 768px\" \/><\/figure>\n\n\n\n<figure class=\"wp-block-image size-large is-resized\"><img loading=\"lazy\" decoding=\"async\" width=\"768\" height=\"1024\" src=\"https:\/\/www.lkren.cz\/wordpress\/wp-content\/uploads\/2025\/07\/20250705_160722-768x1024.jpg\" alt=\"\" class=\"wp-image-81\" style=\"width:544px;height:auto\" srcset=\"https:\/\/www.lkren.cz\/wordpress\/wp-content\/uploads\/2025\/07\/20250705_160722-768x1024.jpg 768w, https:\/\/www.lkren.cz\/wordpress\/wp-content\/uploads\/2025\/07\/20250705_160722-225x300.jpg 225w, https:\/\/www.lkren.cz\/wordpress\/wp-content\/uploads\/2025\/07\/20250705_160722-1152x1536.jpg 1152w, https:\/\/www.lkren.cz\/wordpress\/wp-content\/uploads\/2025\/07\/20250705_160722-1536x2048.jpg 1536w, https:\/\/www.lkren.cz\/wordpress\/wp-content\/uploads\/2025\/07\/20250705_160722-scaled.jpg 1920w\" sizes=\"auto, (max-width: 768px) 100vw, 768px\" \/><\/figure>\n","protected":false},"excerpt":{"rendered":"<p>Luk\u00e1\u0161 k\u0159en &#8211; revizn\u00ed technik elektrick\u00fdch za\u0159\u00edzen\u00ed E2A Rozsah slu\u017eeb: Osv\u011bd\u010den\u00ed a opr\u00e1vn\u011bn\u00ed k \u010dinnosti :<\/p>\n","protected":false},"author":1,"featured_media":0,"parent":0,"menu_order":0,"comment_status":"closed","ping_status":"closed","template":"","meta":{"_monsterinsights_skip_tracking":false,"_monsterinsights_sitenote_active":false,"_monsterinsights_sitenote_note":"","_monsterinsights_sitenote_category":0,"footnotes":""},"class_list":["post-79","page","type-page","status-publish"],"aioseo_notices":[],"_links":{"self":[{"href":"https:\/\/www.lkren.cz\/wordpress\/wp-json\/wp\/v2\/pages\/79","targetHints":{"allow":["GET"]}}],"collection":[{"href":"https:\/\/www.lkren.cz\/wordpress\/wp-json\/wp\/v2\/pages"}],"about":[{"href":"https:\/\/www.lkren.cz\/wordpress\/wp-json\/wp\/v2\/types\/page"}],"author":[{"embeddable":true,"href":"https:\/\/www.lkren.cz\/wordpress\/wp-json\/wp\/v2\/users\/1"}],"replies":[{"embeddable":true,"href":"https:\/\/www.lkren.cz\/wordpress\/wp-json\/wp\/v2\/comments?post=79"}],"version-history":[{"count":3,"href":"https:\/\/www.lkren.cz\/wordpress\/wp-json\/wp\/v2\/pages\/79\/revisions"}],"predecessor-version":[{"id":88,"href":"https:\/\/www.lkren.cz\/wordpress\/wp-json\/wp\/v2\/pages\/79\/revisions\/88"}],"wp:attachment":[{"href":"https:\/\/www.lkren.cz\/wordpress\/wp-json\/wp\/v2\/media?parent=79"}],"curies":[{"name":"wp","href":"https:\/\/api.w.org\/{rel}","templated":true}]}}